{"id":18,"date":"2025-04-17T05:50:04","date_gmt":"2025-04-17T05:50:04","guid":{"rendered":"https:\/\/b2b.solman.lt\/?page_id=18"},"modified":"2025-06-17T10:34:10","modified_gmt":"2025-06-17T10:34:10","slug":"my-account","status":"publish","type":"page","link":"https:\/\/b2b.solman.lt\/en\/my-account\/","title":{"rendered":"My account"},"content":{"rendered":"<div class=\"woocommerce\"><div class=\"woocommerce-notices-wrapper\"><\/div>\n<div class=\"login-layout\">\n\t<div class=\"video-column\">\n\t\t<div class=\"video-wrapper\">\n\t\t\t<video autoplay muted loop playsinline id=\"bg-video\">\n\t\t\t\t<source src=\"https:\/\/b2b.solman.lt\/wp-content\/uploads\/2025\/05\/259949_medium.mp4\" type=\"video\/mp4\">\n\t\t\t<\/video>\n\t\t<\/div>\n\t<\/div>\n\n\t<div class=\"login-column\">\n\n\t\t\r\n<div class=\"container header-mini\" id=\"guest-header\">\r\n    <a class=\"login-upper\" href=\"https:\/\/b2b.solman.lt\/en\/\">\r\n        <img decoding=\"async\" src=\"https:\/\/b2b.solman.lt\/wp-content\/themes\/solman\/assets\/img\/logo_png.png\" alt=\"logo\">\r\n    <\/a>\r\n\r\n    <div class=\"language-container button2\">\r\n        <div class=\"language-switcher\"><div class=\"current-language\">English<\/div><div class=\"language-list\">\r\n                <div class=\"lang-back-btn\">Gr\u012f\u017eti<\/div><a href=\"https:\/\/b2b.solman.lt\/wp-json\/wp\/v2\/pages\/18\/\" class=\"switcher-item \">\r\n                    Lietuvi\u0173\r\n                  <\/a><a href=\"https:\/\/b2b.solman.lt\/en\/wp-json\/wp\/v2\/pages\/18\" class=\"switcher-item active\">\r\n                    English\r\n                  <\/a><a href=\"https:\/\/b2b.solman.lt\/lv\/wp-json\/wp\/v2\/pages\/18\/\" class=\"switcher-item \">\r\n                    Latvie\u0161u\r\n                  <\/a><\/div><\/div>    <\/div>\r\n<\/div>\n\t\t<div class=\"login-middle\">\n\t\t\t<p class=\"body6\">Prisijunkite<\/p>\n\n\t\t\t<form class=\"woocommerce-form woocommerce-form-login login wc-custom-login\" method=\"post\" novalidate>\n\n\t\t\t\t\n\t\t\t\t<p class=\"woocommerce-form-row woocommerce-form-row--wide form-row form-row-wide\">\n\t\t\t\t\t<label class=\"caption2\" for=\"username\">El. pa\u0161tas&nbsp;<span class=\"required\" aria-hidden=\"true\"><\/span><span class=\"screen-reader-text\">Required<\/span><\/label>\n\t\t\t\t\t<input placeholder=\"\u012eveskite savo el. pa\u0161t\u0105\" type=\"text\" class=\"body1 woocommerce-Input woocommerce-Input--text\" name=\"username\" id=\"username\" autocomplete=\"username\" value=\"\" required aria-required=\"true\" \/>\t\t\t\t<\/p>\n\t\t\t\t<p class=\"woocommerce-form-row woocommerce-form-row--wide form-row form-row-wide\">\n\t\t\t\t\t<label class=\"caption2\" for=\"password\">Password&nbsp;<span class=\"required\" aria-hidden=\"true\"><\/span><span class=\"screen-reader-text\">Required<\/span><\/label>\n\t\t\t\t\t<input placeholder=\"\u012eveskite slapta\u017eod\u012f\" class=\"body1 woocommerce-Input woocommerce-Input--text\" type=\"password\" name=\"password\" id=\"password\" autocomplete=\"current-password\" required aria-required=\"true\" \/>\n\t\t\t\t<\/p>\n\n\t\t\t\t\t\t\t\t\n\t\t\t\t<div class=\"login-middle-form-row\">\n\t\t\t\t\t<p class=\"form-row\">\n\t\t\t\t\t\t<label class=\"custom-remeberme rememberme-checkbox woocommerce-form__label woocommerce-form__label-for-checkbox woocommerce-form-login__rememberme\">\n\t\t\t\t\t\t\t<input class=\"woocommerce-form__input woocommerce-form__input-checkbox\" name=\"rememberme\" type=\"checkbox\" id=\"rememberme\" value=\"forever\" \/> <span class=\"button4\">Remember me<\/span>\n\t\t\t\t\t\t<\/label>\n\t\t\t\t\t\t<input type=\"hidden\" id=\"woocommerce-login-nonce\" name=\"woocommerce-login-nonce\" value=\"c3d7f12b3b\" \/><input type=\"hidden\" name=\"_wp_http_referer\" value=\"\/en\/wp-json\/wp\/v2\/pages\/18\" \/> \n\t\t\t\t\t<\/p>\n\t\t\t\t\t<p class=\"woocommerce-LostPassword lost_password button4\">\n\t\t\t\t\t\t<a href=\"https:\/\/b2b.solman.lt\/en\/my-account\/lost-password\/\">Pamir\u0161ote slapta\u017eod\u012f?<\/a>\n\t\t\t\t\t<\/p>\n\t\t\t\t<\/div>\n\t\t\t\t<button type=\"submit\" class=\"button1 primary-blue-btn-my-acc woocommerce-button button woocommerce-form-login__submit\" name=\"login\" value=\"Log in\">Log in<\/button>\n\n\t\t\t\t\t\t\t<\/form>\n\n\t\t\t<div class=\"login-middle-bottom\">\n\t\t\t\t<p class=\"button1\">Neturite paskyros?<\/p>\n\t\t\t\t<a class=\"button1\" href=\"https:\/\/b2b.solman.lt\/en\/registracija\/\">Registracija<\/a>\n\t\t\t<\/div>\n\t\t<\/div>\n\n\t\t\r\n<div class=\"container login-bottom\">\r\n    <div class=\"login-bottom-left\">\r\n        <p class=\"caption2\">Reikia pagalbos?<\/p>\r\n        <div class=\"login-bottom-left-contacts\">\r\n            <a class=\"button1 phone\" href=\"tel:+370 64932954\">\r\n            +370 64932954                <img decoding=\"async\" src=\"https:\/\/b2b.solman.lt\/wp-content\/themes\/solman\/assets\/icons\/phone.svg\" alt=\"phone to\">  \r\n            <\/a>\r\n\r\n            <a class=\"button1 mail\" href=\"mailto:info@solman.lt\">\r\n                info@solman.lt                <img decoding=\"async\" src=\"https:\/\/b2b.solman.lt\/wp-content\/themes\/solman\/assets\/icons\/envelope.svg\" alt=\"mail to\">  \r\n            <\/a>\r\n        <\/div> \r\n    <\/div>\r\n    <div class=\"login-bottom-right\">\r\n        <p class=\"caption2\">Soc. tinklai<\/p>\r\n        <div class=\"login-bottom-right-contacts\">\r\n            <a target=\"_blank\" rel=\"noopener\" href=\"https:\/\/www.facebook.com\/p\/Solman-100076405986672\/?locale=lt_LT\">\r\n                <svg width=\"24\" height=\"24\" viewBox=\"0 0 24 24\" fill=\"none\" xmlns=\"http:\/\/www.w3.org\/2000\/svg\">\r\n                    <path d=\"M12 3C16.95 3 21 7.05 21 12C21 16.45 17.75 20.1504 13.5 20.9004L13.4473 20.8584C13.4647 20.855 13.4825 20.8531 13.5 20.8496V14.5H15.5L15.9004 12H13.5V10.25C13.5 9.55008 13.7499 9.00013 14.8496 9H16V6.7002C15.35 6.6002 14.65 6.5 14 6.5C11.95 6.5 10.5 7.75 10.5 10V12H8.25V14.5H10.5V20.8496C10.5171 20.853 10.5346 20.8551 10.5518 20.8584L10.5 20.9004C6.25 20.1504 3 16.45 3 12C3 7.05 7.05 3 12 3Z\" fill=\"currentColor\"\/>\r\n                <\/svg>  \r\n                <span class=\"hidden-social-link\">Facebook<\/span>\r\n            <\/a>\r\n            <a target=\"_blank\" rel=\"noopener\" href=\"https:\/\/www.instagram.com\/uab_solman\/\">\r\n                <svg width=\"30\" height=\"30\" viewBox=\"0 0 30 30\" fill=\"none\" xmlns=\"http:\/\/www.w3.org\/2000\/svg\">\r\n                    <path d=\"M15.0005 4.09091C12.0379 4.09091 11.666 4.10387 10.5024 4.15682C9.34112 4.21 8.54841 4.39387 7.8548 4.66364C7.13732 4.94228 6.5287 5.315 5.92236 5.92159C5.31556 6.52796 4.94284 7.13659 4.6633 7.85387C4.39286 8.54773 4.20877 9.34068 4.1565 10.5016C4.10446 11.6652 4.09082 12.0373 4.09082 15C4.09082 17.9627 4.104 18.3334 4.15673 19.497C4.21014 20.6584 4.39399 21.4511 4.66353 22.1448C4.94239 22.8623 5.3151 23.4709 5.92167 24.0773C6.52779 24.6841 7.13641 25.0577 7.85343 25.3364C8.5475 25.6061 9.34043 25.79 10.5015 25.8432C11.6651 25.8961 12.0367 25.9091 14.9991 25.9091C17.962 25.9091 18.3327 25.8961 19.4963 25.8432C20.6576 25.79 21.4512 25.6061 22.1453 25.3364C22.8625 25.0577 23.4702 24.6841 24.0764 24.0773C24.6832 23.4709 25.0559 22.8623 25.3354 22.145C25.6036 21.4511 25.7877 20.6582 25.8422 19.4973C25.8945 18.3336 25.9081 17.9627 25.9081 15C25.9081 12.0373 25.8945 11.6655 25.8422 10.5018C25.7877 9.34046 25.6036 8.54773 25.3354 7.85409C25.0559 7.13659 24.6832 6.52796 24.0764 5.92159C23.4696 5.31478 22.8628 4.94205 22.1446 4.66364C21.4492 4.39387 20.656 4.21 19.4947 4.15682C18.3311 4.10387 17.9606 4.09091 14.9971 4.09091H15.0005ZM14.0219 6.05682C14.3123 6.05637 14.6364 6.05682 15.0005 6.05682C17.9131 6.05682 18.2583 6.06728 19.4085 6.11955C20.4721 6.16818 21.0494 6.34591 21.4339 6.49523C21.943 6.69296 22.306 6.92932 22.6875 7.31114C23.0693 7.69296 23.3057 8.05659 23.5039 8.56568C23.6532 8.94977 23.8311 9.52705 23.8795 10.5907C23.9318 11.7407 23.9432 12.0861 23.9432 14.9975C23.9432 17.9089 23.9318 18.2543 23.8795 19.4043C23.8309 20.468 23.6532 21.0452 23.5039 21.4293C23.3061 21.9384 23.0693 22.3009 22.6875 22.6825C22.3057 23.0643 21.9432 23.3007 21.4339 23.4984C21.0499 23.6484 20.4721 23.8257 19.4085 23.8743C18.2586 23.9266 17.9131 23.938 15.0005 23.938C12.0876 23.938 11.7424 23.9266 10.5924 23.8743C9.52884 23.8252 8.95158 23.6475 8.56682 23.4982C8.05775 23.3005 7.69412 23.0641 7.31231 22.6823C6.93051 22.3005 6.69415 21.9377 6.49597 21.4284C6.34666 21.0443 6.16871 20.467 6.1203 19.4034C6.06803 18.2534 6.05758 17.908 6.05758 14.9948C6.05758 12.0816 6.06803 11.738 6.1203 10.588C6.16894 9.52432 6.34666 8.94705 6.49597 8.5625C6.6937 8.05341 6.93051 7.68977 7.31231 7.30796C7.69412 6.92614 8.05775 6.68978 8.56682 6.49159C8.95135 6.34159 9.52884 6.16432 10.5924 6.11546C11.5988 6.07 11.9888 6.05637 14.0219 6.05409V6.05682ZM20.8235 7.86818C20.1008 7.86818 19.5144 8.45387 19.5144 9.17682C19.5144 9.89955 20.1008 10.4859 20.8235 10.4859C21.5462 10.4859 22.1325 9.89955 22.1325 9.17682C22.1325 8.45409 21.5462 7.86773 20.8235 7.86773V7.86818ZM15.0005 9.39773C11.9067 9.39773 9.39839 11.9061 9.39839 15C9.39839 18.0939 11.9067 20.6011 15.0005 20.6011C18.0943 20.6011 20.6017 18.0939 20.6017 15C20.6017 11.9061 18.094 9.39773 15.0003 9.39773H15.0005ZM15.0005 11.3636C17.0086 11.3636 18.6367 12.9916 18.6367 15C18.6367 17.0082 17.0086 18.6364 15.0005 18.6364C12.9921 18.6364 11.3642 17.0082 11.3642 15C11.3642 12.9916 12.9921 11.3636 15.0005 11.3636Z\" fill=\"currentColor\"\/>\r\n                <\/svg>  \r\n                <span class=\"hidden-social-link\">Instagram<\/span>\r\n            <\/a>\r\n            <a target=\"_blank\" rel=\"noopener\" href=\"https:\/\/www.linkedin.com\/company\/uab-solman\/\">\r\n                <svg width=\"30\" height=\"30\" viewBox=\"0 0 30 30\" fill=\"none\" xmlns=\"http:\/\/www.w3.org\/2000\/svg\">\r\n                    <path fill-rule=\"evenodd\" clip-rule=\"evenodd\" d=\"M5.88333 4.37503C5.0503 4.37503 4.375 5.05033 4.375 5.88336V24.1166C4.375 24.9497 5.0503 25.625 5.88333 25.625H24.1167C24.9497 25.625 25.625 24.9497 25.625 24.1166V5.88336C25.625 5.05033 24.9497 4.37503 24.1167 4.37503H5.88333ZM9.14465 10.9742C10.1627 10.9742 10.9881 10.1489 10.9881 9.13079C10.9881 8.11269 10.1627 7.28736 9.14465 7.28736C8.12655 7.28736 7.30122 8.11269 7.30122 9.13079C7.30122 10.1489 8.12655 10.9742 9.14465 10.9742ZM12.6764 12.3366H15.7315V13.7362C15.7315 13.7362 16.5606 12.078 18.8163 12.078C20.8286 12.078 22.4955 13.0693 22.4955 16.0908V22.4622H19.3295V16.8628C19.3295 15.0805 18.3779 14.8844 17.6528 14.8844C16.1479 14.8844 15.8903 16.1824 15.8903 17.0953V22.4622H12.6764V12.3366ZM10.7516 12.3366H7.53768V22.4622H10.7516V12.3366Z\" fill=\"currentColor\"\/>\r\n                <\/svg>\r\n                <span class=\"hidden-social-link\">LinkedIn<\/span>\r\n            <\/a>\r\n        <\/div>\r\n    <\/div>\r\n<\/div>\n\t<\/div>\n<\/div>\n\n<\/div>\n\n\n\n<p><\/p>\n","protected":false},"excerpt":{"rendered":"","protected":false},"author":1,"featured_media":0,"parent":0,"menu_order":0,"comment_status":"closed","ping_status":"closed","template":"","meta":{"footnotes":""},"class_list":["post-18","page","type-page","status-publish","hentry"],"yoast_head":"<!-- This site is optimized with the Yoast SEO plugin v26.9 - https:\/\/yoast.com\/product\/yoast-seo-wordpress\/ -->\n<title>My account - Solman<\/title>\n<meta name=\"robots\" content=\"index, follow, max-snippet:-1, max-image-preview:large, max-video-preview:-1\" \/>\n<link rel=\"canonical\" href=\"https:\/\/b2b.solman.lt\/mano-paskyra\/\" \/>\n<meta property=\"og:locale\" content=\"en_US\" \/>\n<meta property=\"og:type\" content=\"article\" \/>\n<meta property=\"og:title\" content=\"My account - Solman\" \/>\n<meta property=\"og:url\" content=\"https:\/\/b2b.solman.lt\/mano-paskyra\/\" \/>\n<meta property=\"og:site_name\" content=\"Solman\" \/>\n<meta property=\"article:modified_time\" content=\"2025-06-17T10:34:10+00:00\" \/>\n<meta name=\"twitter:card\" content=\"summary_large_image\" \/>\n<script type=\"application\/ld+json\" class=\"yoast-schema-graph\">{\"@context\":\"https:\/\/schema.org\",\"@graph\":[{\"@type\":\"WebPage\",\"@id\":\"https:\/\/b2b.solman.lt\/mano-paskyra\/\",\"url\":\"https:\/\/b2b.solman.lt\/mano-paskyra\/\",\"name\":\"My account - Solman\",\"isPartOf\":{\"@id\":\"https:\/\/b2b.solman.lt\/#website\"},\"datePublished\":\"2025-04-17T05:50:04+00:00\",\"dateModified\":\"2025-06-17T10:34:10+00:00\",\"breadcrumb\":{\"@id\":\"https:\/\/b2b.solman.lt\/mano-paskyra\/#breadcrumb\"},\"inLanguage\":\"en-US\",\"potentialAction\":[{\"@type\":\"ReadAction\",\"target\":[\"https:\/\/b2b.solman.lt\/mano-paskyra\/\"]}]},{\"@type\":\"BreadcrumbList\",\"@id\":\"https:\/\/b2b.solman.lt\/mano-paskyra\/#breadcrumb\",\"itemListElement\":[{\"@type\":\"ListItem\",\"position\":1,\"name\":\"Home\",\"item\":\"https:\/\/b2b.solman.lt\/\"},{\"@type\":\"ListItem\",\"position\":2,\"name\":\"My account\"}]},{\"@type\":\"WebSite\",\"@id\":\"https:\/\/b2b.solman.lt\/#website\",\"url\":\"https:\/\/b2b.solman.lt\/\",\"name\":\"Solman\",\"description\":\"\",\"potentialAction\":[{\"@type\":\"SearchAction\",\"target\":{\"@type\":\"EntryPoint\",\"urlTemplate\":\"https:\/\/b2b.solman.lt\/?s={search_term_string}\"},\"query-input\":{\"@type\":\"PropertyValueSpecification\",\"valueRequired\":true,\"valueName\":\"search_term_string\"}}],\"inLanguage\":\"en-US\"}]}<\/script>\n<!-- \/ Yoast SEO plugin. -->","yoast_head_json":{"title":"My account - Solman","robots":{"index":"index","follow":"follow","max-snippet":"max-snippet:-1","max-image-preview":"max-image-preview:large","max-video-preview":"max-video-preview:-1"},"canonical":"https:\/\/b2b.solman.lt\/mano-paskyra\/","og_locale":"en_US","og_type":"article","og_title":"My account - Solman","og_url":"https:\/\/b2b.solman.lt\/mano-paskyra\/","og_site_name":"Solman","article_modified_time":"2025-06-17T10:34:10+00:00","twitter_card":"summary_large_image","schema":{"@context":"https:\/\/schema.org","@graph":[{"@type":"WebPage","@id":"https:\/\/b2b.solman.lt\/mano-paskyra\/","url":"https:\/\/b2b.solman.lt\/mano-paskyra\/","name":"My account - Solman","isPartOf":{"@id":"https:\/\/b2b.solman.lt\/#website"},"datePublished":"2025-04-17T05:50:04+00:00","dateModified":"2025-06-17T10:34:10+00:00","breadcrumb":{"@id":"https:\/\/b2b.solman.lt\/mano-paskyra\/#breadcrumb"},"inLanguage":"en-US","potentialAction":[{"@type":"ReadAction","target":["https:\/\/b2b.solman.lt\/mano-paskyra\/"]}]},{"@type":"BreadcrumbList","@id":"https:\/\/b2b.solman.lt\/mano-paskyra\/#breadcrumb","itemListElement":[{"@type":"ListItem","position":1,"name":"Home","item":"https:\/\/b2b.solman.lt\/"},{"@type":"ListItem","position":2,"name":"My account"}]},{"@type":"WebSite","@id":"https:\/\/b2b.solman.lt\/#website","url":"https:\/\/b2b.solman.lt\/","name":"Solman","description":"","potentialAction":[{"@type":"SearchAction","target":{"@type":"EntryPoint","urlTemplate":"https:\/\/b2b.solman.lt\/?s={search_term_string}"},"query-input":{"@type":"PropertyValueSpecification","valueRequired":true,"valueName":"search_term_string"}}],"inLanguage":"en-US"}]}},"_links":{"self":[{"href":"https:\/\/b2b.solman.lt\/en\/wp-json\/wp\/v2\/pages\/18","targetHints":{"allow":["GET"]}}],"collection":[{"href":"https:\/\/b2b.solman.lt\/en\/wp-json\/wp\/v2\/pages"}],"about":[{"href":"https:\/\/b2b.solman.lt\/en\/wp-json\/wp\/v2\/types\/page"}],"author":[{"embeddable":true,"href":"https:\/\/b2b.solman.lt\/en\/wp-json\/wp\/v2\/users\/1"}],"replies":[{"embeddable":true,"href":"https:\/\/b2b.solman.lt\/en\/wp-json\/wp\/v2\/comments?post=18"}],"version-history":[{"count":2,"href":"https:\/\/b2b.solman.lt\/en\/wp-json\/wp\/v2\/pages\/18\/revisions"}],"predecessor-version":[{"id":1138,"href":"https:\/\/b2b.solman.lt\/en\/wp-json\/wp\/v2\/pages\/18\/revisions\/1138"}],"wp:attachment":[{"href":"https:\/\/b2b.solman.lt\/en\/wp-json\/wp\/v2\/media?parent=18"}],"curies":[{"name":"wp","href":"https:\/\/api.w.org\/{rel}","templated":true}]}}